{"id":13491,"date":"2026-04-03T03:19:45","date_gmt":"2026-04-03T03:19:45","guid":{"rendered":"https:\/\/distinctiveplatform.shop\/?post_type=product&#038;p=13491"},"modified":"2026-04-03T03:30:52","modified_gmt":"2026-04-03T03:30:52","slug":"mini-smartphone-con-pantalla-tactil-hd-de-3-0-pulgadas-telefono-juguete-para-ninos-con-gps-portatil-y-ligero-sistema-android-configuracion-de-camara-dual-de-3-mp-5-mp-herramienta-de-aprendizaj","status":"publish","type":"product","link":"https:\/\/distinctiveplatform.shop\/es\/producto\/mini-smartphone-con-pantalla-tactil-hd-de-3-0-pulgadas-telefono-juguete-para-ninos-con-gps-portatil-y-ligero-sistema-android-configuracion-de-camara-dual-de-3-mp-5-mp-herramienta-de-aprendizaj\/","title":{"rendered":"Mini Smartphone con Pantalla T\u00e1ctil HD de 3.0 Pulgadas, Tel\u00e9fono Juguete para Ni\u00f1os, con GPS, Port\u00e1til y Ligero, Sistema Android, Configuraci\u00f3n de C\u00e1mara Dual de 3 MP + 5 MP, Herramienta de Aprendizaje para Ni\u00f1os, Regalo Perfecto"},"content":{"rendered":"<div data-elementor-type=\"product-post\" data-elementor-id=\"13491\" class=\"elementor elementor-13491\" data-elementor-post-type=\"product\">\n\t\t\t\t<div class=\"elementor-element elementor-element-1e7a9e87 e-flex e-con-boxed e-con e-parent\" data-id=\"1e7a9e87\" data-element_type=\"container\" data-settings=\"{&quot;ekit_has_onepagescroll_dot&quot;:&quot;yes&quot;}\">\n\t\t\t\t\t<div class=\"e-con-inner\">\n\t\t\t\t<div class=\"elementor-element elementor-element-57123c6e elementor-widget elementor-widget-image\" data-id=\"57123c6e\" data-element_type=\"widget\" data-settings=\"{&quot;ekit_we_effect_on&quot;:&quot;none&quot;}\" data-widget_type=\"image.default\">\n\t\t\t\t<div class=\"elementor-widget-container\">\n\t\t\t\t\t\t\t\t\t\t\t\t\t\t\t<img loading=\"lazy\" decoding=\"async\" width=\"970\" height=\"600\" src=\"https:\/\/distinctiveplatform.shop\/wp-content\/uploads\/2026\/04\/dfbef7ac-abce-4fb9-907a-19f164d132be.__CR00970600_PT0_SX970_V1___.jpg\" class=\"attachment-full size-full wp-image-13506 wvs-archive-product-image\" alt=\"\" srcset=\"https:\/\/distinctiveplatform.shop\/wp-content\/uploads\/2026\/04\/dfbef7ac-abce-4fb9-907a-19f164d132be.__CR00970600_PT0_SX970_V1___.jpg 970w, https:\/\/distinctiveplatform.shop\/wp-content\/uploads\/2026\/04\/dfbef7ac-abce-4fb9-907a-19f164d132be.__CR00970600_PT0_SX970_V1___-300x186.jpg 300w, https:\/\/distinctiveplatform.shop\/wp-content\/uploads\/2026\/04\/dfbef7ac-abce-4fb9-907a-19f164d132be.__CR00970600_PT0_SX970_V1___-768x475.jpg 768w, https:\/\/distinctiveplatform.shop\/wp-content\/uploads\/2026\/04\/dfbef7ac-abce-4fb9-907a-19f164d132be.__CR00970600_PT0_SX970_V1___-18x12.jpg 18w, https:\/\/distinctiveplatform.shop\/wp-content\/uploads\/2026\/04\/dfbef7ac-abce-4fb9-907a-19f164d132be.__CR00970600_PT0_SX970_V1___-600x371.jpg 600w, https:\/\/distinctiveplatform.shop\/wp-content\/uploads\/2026\/04\/dfbef7ac-abce-4fb9-907a-19f164d132be.__CR00970600_PT0_SX970_V1___-1x1.jpg 1w, https:\/\/distinctiveplatform.shop\/wp-content\/uploads\/2026\/04\/dfbef7ac-abce-4fb9-907a-19f164d132be.__CR00970600_PT0_SX970_V1___-10x6.jpg 10w\" sizes=\"auto, (max-width: 970px) 100vw, 970px\" \/>\t\t\t\t\t\t\t\t\t\t\t\t\t\t\t<\/div>\n\t\t\t\t<\/div>\n\t\t\t\t<div class=\"elementor-element elementor-element-4bb1a127 elementor-widget elementor-widget-image\" data-id=\"4bb1a127\" data-element_type=\"widget\" data-settings=\"{&quot;ekit_we_effect_on&quot;:&quot;none&quot;}\" data-widget_type=\"image.default\">\n\t\t\t\t<div class=\"elementor-widget-container\">\n\t\t\t\t\t\t\t\t\t\t\t\t\t\t\t<img loading=\"lazy\" decoding=\"async\" width=\"970\" height=\"600\" src=\"https:\/\/distinctiveplatform.shop\/wp-content\/uploads\/2026\/04\/f2fbe9d8-878e-4833-bbef-00194a9d5eb6.__CR00970600_PT0_SX970_V1___.jpg\" class=\"attachment-full size-full wp-image-13507 wvs-archive-product-image\" alt=\"\" srcset=\"https:\/\/distinctiveplatform.shop\/wp-content\/uploads\/2026\/04\/f2fbe9d8-878e-4833-bbef-00194a9d5eb6.__CR00970600_PT0_SX970_V1___.jpg 970w, https:\/\/distinctiveplatform.shop\/wp-content\/uploads\/2026\/04\/f2fbe9d8-878e-4833-bbef-00194a9d5eb6.__CR00970600_PT0_SX970_V1___-300x186.jpg 300w, https:\/\/distinctiveplatform.shop\/wp-content\/uploads\/2026\/04\/f2fbe9d8-878e-4833-bbef-00194a9d5eb6.__CR00970600_PT0_SX970_V1___-768x475.jpg 768w, https:\/\/distinctiveplatform.shop\/wp-content\/uploads\/2026\/04\/f2fbe9d8-878e-4833-bbef-00194a9d5eb6.__CR00970600_PT0_SX970_V1___-18x12.jpg 18w, https:\/\/distinctiveplatform.shop\/wp-content\/uploads\/2026\/04\/f2fbe9d8-878e-4833-bbef-00194a9d5eb6.__CR00970600_PT0_SX970_V1___-600x371.jpg 600w, https:\/\/distinctiveplatform.shop\/wp-content\/uploads\/2026\/04\/f2fbe9d8-878e-4833-bbef-00194a9d5eb6.__CR00970600_PT0_SX970_V1___-1x1.jpg 1w, https:\/\/distinctiveplatform.shop\/wp-content\/uploads\/2026\/04\/f2fbe9d8-878e-4833-bbef-00194a9d5eb6.__CR00970600_PT0_SX970_V1___-10x6.jpg 10w\" sizes=\"auto, (max-width: 970px) 100vw, 970px\" \/>\t\t\t\t\t\t\t\t\t\t\t\t\t\t\t<\/div>\n\t\t\t\t<\/div>\n\t\t\t\t<div class=\"elementor-element elementor-element-2eca9af7 elementor-widget elementor-widget-image\" data-id=\"2eca9af7\" data-element_type=\"widget\" data-settings=\"{&quot;ekit_we_effect_on&quot;:&quot;none&quot;}\" data-widget_type=\"image.default\">\n\t\t\t\t<div class=\"elementor-widget-container\">\n\t\t\t\t\t\t\t\t\t\t\t\t\t\t\t<img loading=\"lazy\" decoding=\"async\" width=\"970\" height=\"600\" src=\"https:\/\/distinctiveplatform.shop\/wp-content\/uploads\/2026\/04\/dd193aa8-b99d-4743-bc2b-62f3bcb55c17.__CR00970600_PT0_SX970_V1___.jpg\" class=\"attachment-full size-full wp-image-13508 wvs-archive-product-image\" alt=\"\" srcset=\"https:\/\/distinctiveplatform.shop\/wp-content\/uploads\/2026\/04\/dd193aa8-b99d-4743-bc2b-62f3bcb55c17.__CR00970600_PT0_SX970_V1___.jpg 970w, https:\/\/distinctiveplatform.shop\/wp-content\/uploads\/2026\/04\/dd193aa8-b99d-4743-bc2b-62f3bcb55c17.__CR00970600_PT0_SX970_V1___-300x186.jpg 300w, https:\/\/distinctiveplatform.shop\/wp-content\/uploads\/2026\/04\/dd193aa8-b99d-4743-bc2b-62f3bcb55c17.__CR00970600_PT0_SX970_V1___-768x475.jpg 768w, https:\/\/distinctiveplatform.shop\/wp-content\/uploads\/2026\/04\/dd193aa8-b99d-4743-bc2b-62f3bcb55c17.__CR00970600_PT0_SX970_V1___-18x12.jpg 18w, https:\/\/distinctiveplatform.shop\/wp-content\/uploads\/2026\/04\/dd193aa8-b99d-4743-bc2b-62f3bcb55c17.__CR00970600_PT0_SX970_V1___-600x371.jpg 600w, https:\/\/distinctiveplatform.shop\/wp-content\/uploads\/2026\/04\/dd193aa8-b99d-4743-bc2b-62f3bcb55c17.__CR00970600_PT0_SX970_V1___-1x1.jpg 1w, https:\/\/distinctiveplatform.shop\/wp-content\/uploads\/2026\/04\/dd193aa8-b99d-4743-bc2b-62f3bcb55c17.__CR00970600_PT0_SX970_V1___-10x6.jpg 10w\" sizes=\"auto, (max-width: 970px) 100vw, 970px\" \/>\t\t\t\t\t\t\t\t\t\t\t\t\t\t\t<\/div>\n\t\t\t\t<\/div>\n\t\t\t\t<div class=\"elementor-element elementor-element-586567aa elementor-widget elementor-widget-image\" data-id=\"586567aa\" data-element_type=\"widget\" data-settings=\"{&quot;ekit_we_effect_on&quot;:&quot;none&quot;}\" data-widget_type=\"image.default\">\n\t\t\t\t<div class=\"elementor-widget-container\">\n\t\t\t\t\t\t\t\t\t\t\t\t\t\t\t<img loading=\"lazy\" decoding=\"async\" width=\"970\" height=\"600\" src=\"https:\/\/distinctiveplatform.shop\/wp-content\/uploads\/2026\/04\/85931c80-9239-4481-9e74-ac3facff459b.__CR00970600_PT0_SX970_V1___.jpg\" class=\"attachment-full size-full wp-image-13509 wvs-archive-product-image\" alt=\"\" srcset=\"https:\/\/distinctiveplatform.shop\/wp-content\/uploads\/2026\/04\/85931c80-9239-4481-9e74-ac3facff459b.__CR00970600_PT0_SX970_V1___.jpg 970w, https:\/\/distinctiveplatform.shop\/wp-content\/uploads\/2026\/04\/85931c80-9239-4481-9e74-ac3facff459b.__CR00970600_PT0_SX970_V1___-300x186.jpg 300w, https:\/\/distinctiveplatform.shop\/wp-content\/uploads\/2026\/04\/85931c80-9239-4481-9e74-ac3facff459b.__CR00970600_PT0_SX970_V1___-768x475.jpg 768w, https:\/\/distinctiveplatform.shop\/wp-content\/uploads\/2026\/04\/85931c80-9239-4481-9e74-ac3facff459b.__CR00970600_PT0_SX970_V1___-18x12.jpg 18w, https:\/\/distinctiveplatform.shop\/wp-content\/uploads\/2026\/04\/85931c80-9239-4481-9e74-ac3facff459b.__CR00970600_PT0_SX970_V1___-600x371.jpg 600w, https:\/\/distinctiveplatform.shop\/wp-content\/uploads\/2026\/04\/85931c80-9239-4481-9e74-ac3facff459b.__CR00970600_PT0_SX970_V1___-1x1.jpg 1w, https:\/\/distinctiveplatform.shop\/wp-content\/uploads\/2026\/04\/85931c80-9239-4481-9e74-ac3facff459b.__CR00970600_PT0_SX970_V1___-10x6.jpg 10w\" sizes=\"auto, (max-width: 970px) 100vw, 970px\" \/>\t\t\t\t\t\t\t\t\t\t\t\t\t\t\t<\/div>\n\t\t\t\t<\/div>\n\t\t\t\t<div class=\"elementor-element elementor-element-7fbad039 elementor-widget elementor-widget-image\" data-id=\"7fbad039\" data-element_type=\"widget\" data-settings=\"{&quot;ekit_we_effect_on&quot;:&quot;none&quot;}\" data-widget_type=\"image.default\">\n\t\t\t\t<div class=\"elementor-widget-container\">\n\t\t\t\t\t\t\t\t\t\t\t\t\t\t\t<img loading=\"lazy\" decoding=\"async\" width=\"970\" height=\"600\" src=\"https:\/\/distinctiveplatform.shop\/wp-content\/uploads\/2026\/04\/165dd505-7c2e-4bd4-b8a8-da3683487dd2.__CR00970600_PT0_SX970_V1___.jpg\" class=\"attachment-full size-full wp-image-13510 wvs-archive-product-image\" alt=\"\" srcset=\"https:\/\/distinctiveplatform.shop\/wp-content\/uploads\/2026\/04\/165dd505-7c2e-4bd4-b8a8-da3683487dd2.__CR00970600_PT0_SX970_V1___.jpg 970w, https:\/\/distinctiveplatform.shop\/wp-content\/uploads\/2026\/04\/165dd505-7c2e-4bd4-b8a8-da3683487dd2.__CR00970600_PT0_SX970_V1___-300x186.jpg 300w, https:\/\/distinctiveplatform.shop\/wp-content\/uploads\/2026\/04\/165dd505-7c2e-4bd4-b8a8-da3683487dd2.__CR00970600_PT0_SX970_V1___-768x475.jpg 768w, https:\/\/distinctiveplatform.shop\/wp-content\/uploads\/2026\/04\/165dd505-7c2e-4bd4-b8a8-da3683487dd2.__CR00970600_PT0_SX970_V1___-18x12.jpg 18w, https:\/\/distinctiveplatform.shop\/wp-content\/uploads\/2026\/04\/165dd505-7c2e-4bd4-b8a8-da3683487dd2.__CR00970600_PT0_SX970_V1___-600x371.jpg 600w, https:\/\/distinctiveplatform.shop\/wp-content\/uploads\/2026\/04\/165dd505-7c2e-4bd4-b8a8-da3683487dd2.__CR00970600_PT0_SX970_V1___-1x1.jpg 1w, https:\/\/distinctiveplatform.shop\/wp-content\/uploads\/2026\/04\/165dd505-7c2e-4bd4-b8a8-da3683487dd2.__CR00970600_PT0_SX970_V1___-10x6.jpg 10w\" sizes=\"auto, (max-width: 970px) 100vw, 970px\" \/>\t\t\t\t\t\t\t\t\t\t\t\t\t\t\t<\/div>\n\t\t\t\t<\/div>\n\t\t\t\t<div class=\"elementor-element elementor-element-6bcc5fbe elementor-widget elementor-widget-image\" data-id=\"6bcc5fbe\" data-element_type=\"widget\" data-settings=\"{&quot;ekit_we_effect_on&quot;:&quot;none&quot;}\" data-widget_type=\"image.default\">\n\t\t\t\t<div class=\"elementor-widget-container\">\n\t\t\t\t\t\t\t\t\t\t\t\t\t\t\t<img loading=\"lazy\" decoding=\"async\" width=\"970\" height=\"600\" src=\"https:\/\/distinctiveplatform.shop\/wp-content\/uploads\/2026\/04\/f0cd667c-3945-4a94-a1cb-f15d0ee993af.__CR00970600_PT0_SX970_V1___.jpg\" class=\"attachment-full size-full wp-image-13511 wvs-archive-product-image\" alt=\"\" srcset=\"https:\/\/distinctiveplatform.shop\/wp-content\/uploads\/2026\/04\/f0cd667c-3945-4a94-a1cb-f15d0ee993af.__CR00970600_PT0_SX970_V1___.jpg 970w, https:\/\/distinctiveplatform.shop\/wp-content\/uploads\/2026\/04\/f0cd667c-3945-4a94-a1cb-f15d0ee993af.__CR00970600_PT0_SX970_V1___-300x186.jpg 300w, https:\/\/distinctiveplatform.shop\/wp-content\/uploads\/2026\/04\/f0cd667c-3945-4a94-a1cb-f15d0ee993af.__CR00970600_PT0_SX970_V1___-768x475.jpg 768w, https:\/\/distinctiveplatform.shop\/wp-content\/uploads\/2026\/04\/f0cd667c-3945-4a94-a1cb-f15d0ee993af.__CR00970600_PT0_SX970_V1___-18x12.jpg 18w, https:\/\/distinctiveplatform.shop\/wp-content\/uploads\/2026\/04\/f0cd667c-3945-4a94-a1cb-f15d0ee993af.__CR00970600_PT0_SX970_V1___-600x371.jpg 600w, https:\/\/distinctiveplatform.shop\/wp-content\/uploads\/2026\/04\/f0cd667c-3945-4a94-a1cb-f15d0ee993af.__CR00970600_PT0_SX970_V1___-1x1.jpg 1w, https:\/\/distinctiveplatform.shop\/wp-content\/uploads\/2026\/04\/f0cd667c-3945-4a94-a1cb-f15d0ee993af.__CR00970600_PT0_SX970_V1___-10x6.jpg 10w\" sizes=\"auto, (max-width: 970px) 100vw, 970px\" \/>\t\t\t\t\t\t\t\t\t\t\t\t\t\t\t<\/div>\n\t\t\t\t<\/div>\n\t\t\t\t<div class=\"elementor-element elementor-element-29df9ff elementor-widget elementor-widget-image\" data-id=\"29df9ff\" data-element_type=\"widget\" data-settings=\"{&quot;ekit_we_effect_on&quot;:&quot;none&quot;}\" data-widget_type=\"image.default\">\n\t\t\t\t<div class=\"elementor-widget-container\">\n\t\t\t\t\t\t\t\t\t\t\t\t\t\t\t<img loading=\"lazy\" decoding=\"async\" width=\"970\" height=\"600\" src=\"https:\/\/distinctiveplatform.shop\/wp-content\/uploads\/2026\/04\/67136011-333c-4886-970c-734be134a654.__CR00970600_PT0_SX970_V1___.jpg\" class=\"attachment-full size-full wp-image-13512 wvs-archive-product-image\" alt=\"\" srcset=\"https:\/\/distinctiveplatform.shop\/wp-content\/uploads\/2026\/04\/67136011-333c-4886-970c-734be134a654.__CR00970600_PT0_SX970_V1___.jpg 970w, https:\/\/distinctiveplatform.shop\/wp-content\/uploads\/2026\/04\/67136011-333c-4886-970c-734be134a654.__CR00970600_PT0_SX970_V1___-300x186.jpg 300w, https:\/\/distinctiveplatform.shop\/wp-content\/uploads\/2026\/04\/67136011-333c-4886-970c-734be134a654.__CR00970600_PT0_SX970_V1___-768x475.jpg 768w, https:\/\/distinctiveplatform.shop\/wp-content\/uploads\/2026\/04\/67136011-333c-4886-970c-734be134a654.__CR00970600_PT0_SX970_V1___-18x12.jpg 18w, https:\/\/distinctiveplatform.shop\/wp-content\/uploads\/2026\/04\/67136011-333c-4886-970c-734be134a654.__CR00970600_PT0_SX970_V1___-600x371.jpg 600w, https:\/\/distinctiveplatform.shop\/wp-content\/uploads\/2026\/04\/67136011-333c-4886-970c-734be134a654.__CR00970600_PT0_SX970_V1___-1x1.jpg 1w, https:\/\/distinctiveplatform.shop\/wp-content\/uploads\/2026\/04\/67136011-333c-4886-970c-734be134a654.__CR00970600_PT0_SX970_V1___-10x6.jpg 10w\" sizes=\"auto, (max-width: 970px) 100vw, 970px\" \/>\t\t\t\t\t\t\t\t\t\t\t\t\t\t\t<\/div>\n\t\t\t\t<\/div>\n\t\t<div class=\"elementor-element elementor-element-47ef6cdc e-grid e-con-full e-con e-child\" data-id=\"47ef6cdc\" data-element_type=\"container\" data-settings=\"{&quot;ekit_has_onepagescroll_dot&quot;:&quot;yes&quot;}\">\n\t\t\t\t<div class=\"elementor-element elementor-element-4658ad2c elementor-widget elementor-widget-image\" data-id=\"4658ad2c\" data-element_type=\"widget\" data-settings=\"{&quot;ekit_we_effect_on&quot;:&quot;none&quot;}\" data-widget_type=\"image.default\">\n\t\t\t\t<div class=\"elementor-widget-container\">\n\t\t\t\t\t\t\t\t\t\t\t\t\t\t\t<img loading=\"lazy\" decoding=\"async\" width=\"1500\" height=\"1500\" src=\"https:\/\/distinctiveplatform.shop\/wp-content\/uploads\/2026\/04\/71DDYksmriL._AC_SL1500_-1.jpg\" class=\"attachment-full size-full wp-image-13513 wvs-archive-product-image\" alt=\"\" srcset=\"https:\/\/distinctiveplatform.shop\/wp-content\/uploads\/2026\/04\/71DDYksmriL._AC_SL1500_-1.jpg 1500w, https:\/\/distinctiveplatform.shop\/wp-content\/uploads\/2026\/04\/71DDYksmriL._AC_SL1500_-1-300x300.jpg 300w, https:\/\/distinctiveplatform.shop\/wp-content\/uploads\/2026\/04\/71DDYksmriL._AC_SL1500_-1-1024x1024.jpg 1024w, https:\/\/distinctiveplatform.shop\/wp-content\/uploads\/2026\/04\/71DDYksmriL._AC_SL1500_-1-150x150.jpg 150w, https:\/\/distinctiveplatform.shop\/wp-content\/uploads\/2026\/04\/71DDYksmriL._AC_SL1500_-1-768x768.jpg 768w, https:\/\/distinctiveplatform.shop\/wp-content\/uploads\/2026\/04\/71DDYksmriL._AC_SL1500_-1-12x12.jpg 12w, https:\/\/distinctiveplatform.shop\/wp-content\/uploads\/2026\/04\/71DDYksmriL._AC_SL1500_-1-600x600.jpg 600w, https:\/\/distinctiveplatform.shop\/wp-content\/uploads\/2026\/04\/71DDYksmriL._AC_SL1500_-1-100x100.jpg 100w, https:\/\/distinctiveplatform.shop\/wp-content\/uploads\/2026\/04\/71DDYksmriL._AC_SL1500_-1-50x50.jpg 50w, https:\/\/distinctiveplatform.shop\/wp-content\/uploads\/2026\/04\/71DDYksmriL._AC_SL1500_-1-1x1.jpg 1w, https:\/\/distinctiveplatform.shop\/wp-content\/uploads\/2026\/04\/71DDYksmriL._AC_SL1500_-1-10x10.jpg 10w\" sizes=\"auto, (max-width: 1500px) 100vw, 1500px\" \/>\t\t\t\t\t\t\t\t\t\t\t\t\t\t\t<\/div>\n\t\t\t\t<\/div>\n\t\t\t\t<div class=\"elementor-element elementor-element-5db7cf6f elementor-widget elementor-widget-image\" data-id=\"5db7cf6f\" data-element_type=\"widget\" data-settings=\"{&quot;ekit_we_effect_on&quot;:&quot;none&quot;}\" data-widget_type=\"image.default\">\n\t\t\t\t<div class=\"elementor-widget-container\">\n\t\t\t\t\t\t\t\t\t\t\t\t\t\t\t<img loading=\"lazy\" decoding=\"async\" width=\"1024\" height=\"1024\" src=\"https:\/\/distinctiveplatform.shop\/wp-content\/uploads\/2026\/04\/71fkemCmTzL._AC_SL1500_-1-1024x1024.jpg\" class=\"attachment-large size-large wp-image-13514 wvs-archive-product-image\" alt=\"\" srcset=\"https:\/\/distinctiveplatform.shop\/wp-content\/uploads\/2026\/04\/71fkemCmTzL._AC_SL1500_-1-1024x1024.jpg 1024w, https:\/\/distinctiveplatform.shop\/wp-content\/uploads\/2026\/04\/71fkemCmTzL._AC_SL1500_-1-300x300.jpg 300w, https:\/\/distinctiveplatform.shop\/wp-content\/uploads\/2026\/04\/71fkemCmTzL._AC_SL1500_-1-150x150.jpg 150w, https:\/\/distinctiveplatform.shop\/wp-content\/uploads\/2026\/04\/71fkemCmTzL._AC_SL1500_-1-768x768.jpg 768w, https:\/\/distinctiveplatform.shop\/wp-content\/uploads\/2026\/04\/71fkemCmTzL._AC_SL1500_-1-12x12.jpg 12w, https:\/\/distinctiveplatform.shop\/wp-content\/uploads\/2026\/04\/71fkemCmTzL._AC_SL1500_-1-600x600.jpg 600w, https:\/\/distinctiveplatform.shop\/wp-content\/uploads\/2026\/04\/71fkemCmTzL._AC_SL1500_-1-100x100.jpg 100w, https:\/\/distinctiveplatform.shop\/wp-content\/uploads\/2026\/04\/71fkemCmTzL._AC_SL1500_-1-50x50.jpg 50w, https:\/\/distinctiveplatform.shop\/wp-content\/uploads\/2026\/04\/71fkemCmTzL._AC_SL1500_-1-1x1.jpg 1w, https:\/\/distinctiveplatform.shop\/wp-content\/uploads\/2026\/04\/71fkemCmTzL._AC_SL1500_-1-10x10.jpg 10w, https:\/\/distinctiveplatform.shop\/wp-content\/uploads\/2026\/04\/71fkemCmTzL._AC_SL1500_-1.jpg 1500w\" sizes=\"auto, (max-width: 1024px) 100vw, 1024px\" \/>\t\t\t\t\t\t\t\t\t\t\t\t\t\t\t<\/div>\n\t\t\t\t<\/div>\n\t\t\t\t<div class=\"elementor-element elementor-element-4d30a6c2 elementor-widget elementor-widget-image\" data-id=\"4d30a6c2\" data-element_type=\"widget\" data-settings=\"{&quot;ekit_we_effect_on&quot;:&quot;none&quot;}\" data-widget_type=\"image.default\">\n\t\t\t\t<div class=\"elementor-widget-container\">\n\t\t\t\t\t\t\t\t\t\t\t\t\t\t\t<img loading=\"lazy\" decoding=\"async\" width=\"1024\" height=\"1024\" src=\"https:\/\/distinctiveplatform.shop\/wp-content\/uploads\/2026\/04\/71l3tuhwOjL._AC_SL1500_-1024x1024.jpg\" class=\"attachment-large size-large wp-image-13515 wvs-archive-product-image\" alt=\"\" srcset=\"https:\/\/distinctiveplatform.shop\/wp-content\/uploads\/2026\/04\/71l3tuhwOjL._AC_SL1500_-1024x1024.jpg 1024w, https:\/\/distinctiveplatform.shop\/wp-content\/uploads\/2026\/04\/71l3tuhwOjL._AC_SL1500_-300x300.jpg 300w, https:\/\/distinctiveplatform.shop\/wp-content\/uploads\/2026\/04\/71l3tuhwOjL._AC_SL1500_-150x150.jpg 150w, https:\/\/distinctiveplatform.shop\/wp-content\/uploads\/2026\/04\/71l3tuhwOjL._AC_SL1500_-768x768.jpg 768w, https:\/\/distinctiveplatform.shop\/wp-content\/uploads\/2026\/04\/71l3tuhwOjL._AC_SL1500_-12x12.jpg 12w, https:\/\/distinctiveplatform.shop\/wp-content\/uploads\/2026\/04\/71l3tuhwOjL._AC_SL1500_-600x600.jpg 600w, https:\/\/distinctiveplatform.shop\/wp-content\/uploads\/2026\/04\/71l3tuhwOjL._AC_SL1500_-100x100.jpg 100w, https:\/\/distinctiveplatform.shop\/wp-content\/uploads\/2026\/04\/71l3tuhwOjL._AC_SL1500_-50x50.jpg 50w, https:\/\/distinctiveplatform.shop\/wp-content\/uploads\/2026\/04\/71l3tuhwOjL._AC_SL1500_-1x1.jpg 1w, https:\/\/distinctiveplatform.shop\/wp-content\/uploads\/2026\/04\/71l3tuhwOjL._AC_SL1500_-10x10.jpg 10w, https:\/\/distinctiveplatform.shop\/wp-content\/uploads\/2026\/04\/71l3tuhwOjL._AC_SL1500_.jpg 1500w\" sizes=\"auto, (max-width: 1024px) 100vw, 1024px\" \/>\t\t\t\t\t\t\t\t\t\t\t\t\t\t\t<\/div>\n\t\t\t\t<\/div>\n\t\t\t\t<div class=\"elementor-element elementor-element-155b0699 elementor-widget elementor-widget-image\" data-id=\"155b0699\" data-element_type=\"widget\" data-settings=\"{&quot;ekit_we_effect_on&quot;:&quot;none&quot;}\" data-widget_type=\"image.default\">\n\t\t\t\t<div class=\"elementor-widget-container\">\n\t\t\t\t\t\t\t\t\t\t\t\t\t\t\t<img loading=\"lazy\" decoding=\"async\" width=\"1024\" height=\"1024\" src=\"https:\/\/distinctiveplatform.shop\/wp-content\/uploads\/2026\/04\/71Oz-lubTL._AC_SL1500_-1-1024x1024.jpg\" class=\"attachment-large size-large wp-image-13516 wvs-archive-product-image\" alt=\"\" srcset=\"https:\/\/distinctiveplatform.shop\/wp-content\/uploads\/2026\/04\/71Oz-lubTL._AC_SL1500_-1-1024x1024.jpg 1024w, https:\/\/distinctiveplatform.shop\/wp-content\/uploads\/2026\/04\/71Oz-lubTL._AC_SL1500_-1-300x300.jpg 300w, https:\/\/distinctiveplatform.shop\/wp-content\/uploads\/2026\/04\/71Oz-lubTL._AC_SL1500_-1-150x150.jpg 150w, https:\/\/distinctiveplatform.shop\/wp-content\/uploads\/2026\/04\/71Oz-lubTL._AC_SL1500_-1-768x768.jpg 768w, https:\/\/distinctiveplatform.shop\/wp-content\/uploads\/2026\/04\/71Oz-lubTL._AC_SL1500_-1-12x12.jpg 12w, https:\/\/distinctiveplatform.shop\/wp-content\/uploads\/2026\/04\/71Oz-lubTL._AC_SL1500_-1-600x600.jpg 600w, https:\/\/distinctiveplatform.shop\/wp-content\/uploads\/2026\/04\/71Oz-lubTL._AC_SL1500_-1-100x100.jpg 100w, https:\/\/distinctiveplatform.shop\/wp-content\/uploads\/2026\/04\/71Oz-lubTL._AC_SL1500_-1-50x50.jpg 50w, https:\/\/distinctiveplatform.shop\/wp-content\/uploads\/2026\/04\/71Oz-lubTL._AC_SL1500_-1-1x1.jpg 1w, https:\/\/distinctiveplatform.shop\/wp-content\/uploads\/2026\/04\/71Oz-lubTL._AC_SL1500_-1-10x10.jpg 10w, https:\/\/distinctiveplatform.shop\/wp-content\/uploads\/2026\/04\/71Oz-lubTL._AC_SL1500_-1.jpg 1500w\" sizes=\"auto, (max-width: 1024px) 100vw, 1024px\" \/>\t\t\t\t\t\t\t\t\t\t\t\t\t\t\t<\/div>\n\t\t\t\t<\/div>\n\t\t\t\t<\/div>\n\t\t\t\t<div class=\"elementor-element elementor-element-7d8b603d elementor-widget elementor-widget-text-editor\" data-id=\"7d8b603d\" data-element_type=\"widget\" data-settings=\"{&quot;ekit_we_effect_on&quot;:&quot;none&quot;}\" data-widget_type=\"text-editor.default\">\n\t\t\t\t<div class=\"elementor-widget-container\">\n\t\t\t\t\t\t\t\t\t<!DOCTYPE html>\n<html lang=\"en\">\n<head>\n<meta charset=\"UTF-8\">\n<meta name=\"viewport\" content=\"width=device-width, initial-scale=1.0\">\n<title>Details<\/title>\n<style>\n  * {\n    margin: 0;\n    padding: 0;\n    box-sizing: border-box;\n  }\n  body {\n    background: transparent;\n    font-family: 'Inter', 'Segoe UI', system-ui, sans-serif;\n    -webkit-font-smoothing: antialiased;\n    padding: 20px 0;\n  }\n  .spec-table {\n    width: 100%;\n    border-collapse: collapse;\n    font-size: 14px;\n    color: #333;\n    line-height: 1.8;\n  }\n  .spec-table tr {\n    border-bottom: 1px solid rgba(210, 210, 210, 0.3);\n    background: transparent;\n  }\n  .spec-table td {\n    padding: 14px 16px;\n    text-align: left;\n    vertical-align: top;\n    background: transparent;\n    word-break: break-word;\n  }\n  .spec-table td:nth-child(1),\n  .spec-table td:nth-child(3) {\n    width: 20%;\n    font-weight: 500;\n    color: #222;\n  }\n  .spec-table td:nth-child(2),\n  .spec-table td:nth-child(4) {\n    width: 30%;\n    color: #555;\n  }\n<\/style>\n<\/head>\n<body>\n\n<table class=\"spec-table\">\n  <tr>\n    <td>Operating System<\/td>\n    <td>Android 9.0<\/td>\n    <td>RAM Memory Installed<\/td>\n    <td>16 GB<\/td>\n  <\/tr>\n  <tr>\n    <td>Memory Storage Capacity<\/td>\n    <td>16 GB<\/td>\n    <td>Color<\/td>\n    <td>Black, Pink, Blue<\/td>\n  <\/tr>\n  <tr>\n    <td>SIM Card Slot Count<\/td>\n    <td>Dual SIM<\/td>\n    <td>Connector Type<\/td>\n    <td>USB Type C<\/td>\n  <\/tr>\n  <tr>\n    <td>Factor de forma<\/td>\n    <td>Bar<\/td>\n    <td>Biometric Security Feature<\/td>\n    <td>Face Recognition<\/td>\n  <\/tr>\n  <tr>\n    <td>Human-Interface Input<\/td>\n    <td>Touchscreen<\/td>\n    <td>Sim Card Size<\/td>\n    <td>Nano<\/td>\n  <\/tr>\n  <tr>\n    <td>Water Resistance Level<\/td>\n    <td>Not Water Resistant<\/td>\n    <td>Additional Features<\/td>\n    <td>Built-In GPS, Dual SIM, Expandable Memory, Mobile Hotspot Capability, Stereo Speakers<\/td>\n  <\/tr>\n<\/table>\n\n<\/body>\n<\/html>\t\t\t\t\t\t\t\t<\/div>\n\t\t\t\t<\/div>\n\t\t\t\t\t<\/div>\n\t\t\t\t<\/div>\n\t\t\t\t<\/div>","protected":false},"excerpt":{"rendered":"<p>Details Operating System Android 9.0 RAM Memory Installed 16 GB Memory Storage Capacity 16 GB Color Black, Pink, Blue SIM&#8230;<\/p>","protected":false},"featured_media":13495,"comment_status":"open","ping_status":"closed","template":"","meta":{"_acf_changed":false},"etheme_brands":[],"product_brand":[],"product_cat":[118],"product_tag":[],"class_list":{"0":"post-13491","1":"product","2":"type-product","3":"status-publish","4":"has-post-thumbnail","6":"product_cat-sale-shop","8":"first","9":"instock","10":"sale","11":"shipping-taxable","12":"purchasable","13":"product-type-variable","14":"has-default-attributes","15":"wvs-archive-product-wrapper"},"acf":[],"_links":{"self":[{"href":"https:\/\/distinctiveplatform.shop\/es\/wp-json\/wp\/v2\/product\/13491","targetHints":{"allow":["GET"]}}],"collection":[{"href":"https:\/\/distinctiveplatform.shop\/es\/wp-json\/wp\/v2\/product"}],"about":[{"href":"https:\/\/distinctiveplatform.shop\/es\/wp-json\/wp\/v2\/types\/product"}],"replies":[{"embeddable":true,"href":"https:\/\/distinctiveplatform.shop\/es\/wp-json\/wp\/v2\/comments?post=13491"}],"version-history":[{"count":4,"href":"https:\/\/distinctiveplatform.shop\/es\/wp-json\/wp\/v2\/product\/13491\/revisions"}],"predecessor-version":[{"id":13522,"href":"https:\/\/distinctiveplatform.shop\/es\/wp-json\/wp\/v2\/product\/13491\/revisions\/13522"}],"wp:featuredmedia":[{"embeddable":true,"href":"https:\/\/distinctiveplatform.shop\/es\/wp-json\/wp\/v2\/media\/13495"}],"wp:attachment":[{"href":"https:\/\/distinctiveplatform.shop\/es\/wp-json\/wp\/v2\/media?parent=13491"}],"wp:term":[{"taxonomy":"brand","embeddable":true,"href":"https:\/\/distinctiveplatform.shop\/es\/wp-json\/wp\/v2\/etheme_brands?post=13491"},{"taxonomy":"product_brand","embeddable":true,"href":"https:\/\/distinctiveplatform.shop\/es\/wp-json\/wp\/v2\/product_brand?post=13491"},{"taxonomy":"product_cat","embeddable":true,"href":"https:\/\/distinctiveplatform.shop\/es\/wp-json\/wp\/v2\/product_cat?post=13491"},{"taxonomy":"product_tag","embeddable":true,"href":"https:\/\/distinctiveplatform.shop\/es\/wp-json\/wp\/v2\/product_tag?post=13491"}],"curies":[{"name":"wp","href":"https:\/\/api.w.org\/{rel}","templated":true}]}}