{"id":13425,"date":"2026-03-24T11:43:26","date_gmt":"2026-03-24T11:43:26","guid":{"rendered":"https:\/\/distinctiveplatform.shop\/?post_type=product&#038;p=13425"},"modified":"2026-03-24T12:11:15","modified_gmt":"2026-03-24T12:11:15","slug":"la-aspiradora-inalambrica-trucozie-t350-presenta-un-diseno-ligero-8-en-1-con-hasta-45-minutos-de-autonomia-y-una-potente-succion-de-33-kpa-esta-aspiradora-inalambrica-recargable-es-ideal-para-alfombr","status":"publish","type":"product","link":"https:\/\/distinctiveplatform.shop\/es\/producto\/la-aspiradora-inalambrica-trucozie-t350-presenta-un-diseno-ligero-8-en-1-con-hasta-45-minutos-de-autonomia-y-una-potente-succion-de-33-kpa-esta-aspiradora-inalambrica-recargable-es-ideal-para-alfombr\/","title":{"rendered":"La aspiradora inal\u00e1mbrica Trucozie T350 presenta un dise\u00f1o ligero 8 en 1 con hasta 45 minutos de autonom\u00eda y una potente succi\u00f3n de 33 kPa. Esta aspiradora inal\u00e1mbrica recargable es ideal para alfombras, baldosas, pelo de mascotas y suelos de madera."},"content":{"rendered":"<div data-elementor-type=\"product-post\" data-elementor-id=\"13425\" class=\"elementor elementor-13425\" data-elementor-post-type=\"product\">\n\t\t\t\t<div class=\"elementor-element elementor-element-3346785d e-flex e-con-boxed e-con e-parent\" data-id=\"3346785d\" data-element_type=\"container\" data-settings=\"{&quot;ekit_has_onepagescroll_dot&quot;:&quot;yes&quot;}\">\n\t\t\t\t\t<div class=\"e-con-inner\">\n\t\t<div class=\"elementor-element elementor-element-1c94bfb0 e-grid e-con-full e-con e-child\" data-id=\"1c94bfb0\" data-element_type=\"container\" data-settings=\"{&quot;ekit_has_onepagescroll_dot&quot;:&quot;yes&quot;}\">\n\t\t\t\t<div class=\"elementor-element elementor-element-3def6d99 elementor-widget elementor-widget-video\" data-id=\"3def6d99\" data-element_type=\"widget\" data-settings=\"{&quot;video_type&quot;:&quot;hosted&quot;,&quot;controls&quot;:&quot;yes&quot;,&quot;ekit_we_effect_on&quot;:&quot;none&quot;}\" data-widget_type=\"video.default\">\n\t\t\t\t<div class=\"elementor-widget-container\">\n\t\t\t\t\t\t\t<div class=\"e-hosted-video elementor-wrapper elementor-open-inline\">\n\t\t\t\t\t<video class=\"elementor-video\" src=\"https:\/\/distinctiveplatform.shop\/wp-content\/uploads\/2026\/03\/video_2026-02-09_14-59-40.mp4\" controls=\"\" preload=\"metadata\" controlslist=\"nodownload\"><\/video>\n\t\t\t\t<\/div>\n\t\t\t\t\t\t<\/div>\n\t\t\t\t<\/div>\n\t\t\t\t<div class=\"elementor-element elementor-element-6adb0e6e elementor-widget elementor-widget-text-editor\" data-id=\"6adb0e6e\" data-element_type=\"widget\" data-settings=\"{&quot;ekit_we_effect_on&quot;:&quot;none&quot;}\" data-widget_type=\"text-editor.default\">\n\t\t\t\t<div class=\"elementor-widget-container\">\n\t\t\t\t\t\t\t\t\t<table class=\"specs-table\">\n    <tr>\n        <td>Factor de forma<\/td>\n        <td><span class=\"form-badge\">Stick<\/span><\/td>\n    <\/tr>\n    <tr>\n        <td>Nombre del modelo<\/td>\n        <td><span class=\"model-badge\">T350<\/span><\/td>\n    <\/tr>\n    <tr>\n        <td>Dimensiones del producto<\/td>\n        <td class=\"dimension-value\">16,9\u2033L x 11,2\u2033A x 7,2\u2033Al<\/td>\n    <\/tr>\n    <tr>\n        <td>Descripci\u00f3n de la bater\u00eda<\/td>\n        <td>\n            <div class=\"battery-info\">\n                <span class=\"battery-type\">Bater\u00eda recargable 7x2200mAh<\/span>\n                <span class=\"battery-note\">(Nota: instale la bater\u00eda cuando utilice el aspirador)<\/span>\n            <\/div>\n        <\/td>\n    <\/tr>\n<\/table>\n\n<style>\n    .specs-table {\n        width: 100%;\n        border-collapse: collapse;\n        font-family: 'Segoe UI', Arial, sans-serif;\n        font-size: 14px;\n    }\n    .specs-table tr {\n        border-bottom: 1px solid #e0e0e0;\n    }\n    .specs-table td {\n        padding: 12px 0;\n        text-align: left;\n        vertical-align: top;\n    }\n    .specs-table td:first-child {\n        font-weight: 600;\n        width: 35%;\n        color: #2c3e50;\n    }\n    .specs-table td:last-child {\n        width: 65%;\n    }\n    .form-badge {\n        background-color: #fff8e1;\n        color: #ff8f00;\n        padding: 8px 16px;\n        border-radius: 4px;\n        font-weight: 600;\n        display: inline-block;\n        border: 1px solid #ffecb3;\n    }\n    .model-badge {\n        background-color: #e8f5e9;\n        color: #2e7d32;\n        padding: 8px 16px;\n        border-radius: 4px;\n        font-weight: 700;\n        font-family: 'Consolas', monospace;\n        display: inline-block;\n        border: 1px solid #c8e6c9;\n    }\n    .dimension-value {\n        font-family: 'Consolas', 'Courier New', monospace;\n        font-weight: 600;\n        color: #333;\n    }\n    .battery-info {\n        display: flex;\n        flex-direction: column;\n        gap: 6px;\n    }\n    .battery-type {\n        background-color: #fff8e1;\n        color: #ff8f00;\n        padding: 8px 12px;\n        border-radius: 4px;\n        font-weight: 600;\n        display: inline-block;\n        border: 1px solid #ffecb3;\n    }\n    .battery-note {\n        color: #666;\n        font-size: 12px;\n        font-style: italic;\n    }\n<\/style>\t\t\t\t\t\t\t\t<\/div>\n\t\t\t\t<\/div>\n\t\t\t\t<\/div>\n\t\t\t\t<div class=\"elementor-element elementor-element-760a0201 elementor-widget elementor-widget-text-editor\" data-id=\"760a0201\" data-element_type=\"widget\" data-settings=\"{&quot;ekit_we_effect_on&quot;:&quot;none&quot;}\" data-widget_type=\"text-editor.default\">\n\t\t\t\t<div class=\"elementor-widget-container\">\n\t\t\t\t\t\t\t\t\t<h2 style=\"text-align: center;\">Descripci\u00f3n del producto<\/h2>\t\t\t\t\t\t\t\t<\/div>\n\t\t\t\t<\/div>\n\t\t\t\t<div class=\"elementor-element elementor-element-5ce0102f elementor-widget elementor-widget-image\" data-id=\"5ce0102f\" data-element_type=\"widget\" data-settings=\"{&quot;ekit_we_effect_on&quot;:&quot;none&quot;}\" data-widget_type=\"image.default\">\n\t\t\t\t<div class=\"elementor-widget-container\">\n\t\t\t\t\t\t\t\t\t\t\t\t\t\t\t<img loading=\"lazy\" decoding=\"async\" width=\"1464\" height=\"600\" src=\"https:\/\/distinctiveplatform.shop\/wp-content\/uploads\/2026\/03\/ed1e6253-9d0e-47af-a14b-5ea9469392d6.__CR001464600_PT0_SX1464_V1___.png\" class=\"attachment-full size-full wp-image-13440 wvs-archive-product-image\" alt=\"\" srcset=\"https:\/\/distinctiveplatform.shop\/wp-content\/uploads\/2026\/03\/ed1e6253-9d0e-47af-a14b-5ea9469392d6.__CR001464600_PT0_SX1464_V1___.png 1464w, https:\/\/distinctiveplatform.shop\/wp-content\/uploads\/2026\/03\/ed1e6253-9d0e-47af-a14b-5ea9469392d6.__CR001464600_PT0_SX1464_V1___-300x123.png 300w, https:\/\/distinctiveplatform.shop\/wp-content\/uploads\/2026\/03\/ed1e6253-9d0e-47af-a14b-5ea9469392d6.__CR001464600_PT0_SX1464_V1___-1024x420.png 1024w, https:\/\/distinctiveplatform.shop\/wp-content\/uploads\/2026\/03\/ed1e6253-9d0e-47af-a14b-5ea9469392d6.__CR001464600_PT0_SX1464_V1___-768x315.png 768w, https:\/\/distinctiveplatform.shop\/wp-content\/uploads\/2026\/03\/ed1e6253-9d0e-47af-a14b-5ea9469392d6.__CR001464600_PT0_SX1464_V1___-18x7.png 18w, https:\/\/distinctiveplatform.shop\/wp-content\/uploads\/2026\/03\/ed1e6253-9d0e-47af-a14b-5ea9469392d6.__CR001464600_PT0_SX1464_V1___-600x246.png 600w, https:\/\/distinctiveplatform.shop\/wp-content\/uploads\/2026\/03\/ed1e6253-9d0e-47af-a14b-5ea9469392d6.__CR001464600_PT0_SX1464_V1___-1x1.png 1w, https:\/\/distinctiveplatform.shop\/wp-content\/uploads\/2026\/03\/ed1e6253-9d0e-47af-a14b-5ea9469392d6.__CR001464600_PT0_SX1464_V1___-10x4.png 10w\" sizes=\"auto, (max-width: 1464px) 100vw, 1464px\" \/>\t\t\t\t\t\t\t\t\t\t\t\t\t\t\t<\/div>\n\t\t\t\t<\/div>\n\t\t\t\t<div class=\"elementor-element elementor-element-5cb10d7a elementor-widget elementor-widget-image\" data-id=\"5cb10d7a\" data-element_type=\"widget\" data-settings=\"{&quot;ekit_we_effect_on&quot;:&quot;none&quot;}\" data-widget_type=\"image.default\">\n\t\t\t\t<div class=\"elementor-widget-container\">\n\t\t\t\t\t\t\t\t\t\t\t\t\t\t\t<img loading=\"lazy\" decoding=\"async\" width=\"1464\" height=\"600\" src=\"https:\/\/distinctiveplatform.shop\/wp-content\/uploads\/2026\/03\/c4ca12af-25e8-4683-84cf-2d16fce22b92.__CR001464600_PT0_SX1464_V1___.png\" class=\"attachment-full size-full wp-image-13441 wvs-archive-product-image\" alt=\"\" srcset=\"https:\/\/distinctiveplatform.shop\/wp-content\/uploads\/2026\/03\/c4ca12af-25e8-4683-84cf-2d16fce22b92.__CR001464600_PT0_SX1464_V1___.png 1464w, https:\/\/distinctiveplatform.shop\/wp-content\/uploads\/2026\/03\/c4ca12af-25e8-4683-84cf-2d16fce22b92.__CR001464600_PT0_SX1464_V1___-300x123.png 300w, https:\/\/distinctiveplatform.shop\/wp-content\/uploads\/2026\/03\/c4ca12af-25e8-4683-84cf-2d16fce22b92.__CR001464600_PT0_SX1464_V1___-1024x420.png 1024w, https:\/\/distinctiveplatform.shop\/wp-content\/uploads\/2026\/03\/c4ca12af-25e8-4683-84cf-2d16fce22b92.__CR001464600_PT0_SX1464_V1___-768x315.png 768w, https:\/\/distinctiveplatform.shop\/wp-content\/uploads\/2026\/03\/c4ca12af-25e8-4683-84cf-2d16fce22b92.__CR001464600_PT0_SX1464_V1___-18x7.png 18w, https:\/\/distinctiveplatform.shop\/wp-content\/uploads\/2026\/03\/c4ca12af-25e8-4683-84cf-2d16fce22b92.__CR001464600_PT0_SX1464_V1___-600x246.png 600w, https:\/\/distinctiveplatform.shop\/wp-content\/uploads\/2026\/03\/c4ca12af-25e8-4683-84cf-2d16fce22b92.__CR001464600_PT0_SX1464_V1___-1x1.png 1w, https:\/\/distinctiveplatform.shop\/wp-content\/uploads\/2026\/03\/c4ca12af-25e8-4683-84cf-2d16fce22b92.__CR001464600_PT0_SX1464_V1___-10x4.png 10w\" sizes=\"auto, (max-width: 1464px) 100vw, 1464px\" \/>\t\t\t\t\t\t\t\t\t\t\t\t\t\t\t<\/div>\n\t\t\t\t<\/div>\n\t\t\t\t<div class=\"elementor-element elementor-element-403af3c3 elementor-widget elementor-widget-image\" data-id=\"403af3c3\" data-element_type=\"widget\" data-settings=\"{&quot;ekit_we_effect_on&quot;:&quot;none&quot;}\" data-widget_type=\"image.default\">\n\t\t\t\t<div class=\"elementor-widget-container\">\n\t\t\t\t\t\t\t\t\t\t\t\t\t\t\t<img loading=\"lazy\" decoding=\"async\" width=\"1464\" height=\"600\" src=\"https:\/\/distinctiveplatform.shop\/wp-content\/uploads\/2026\/03\/b48f4ba6-6239-4f26-b0bb-b99a180f5ed3.__CR001464600_PT0_SX1464_V1___.png\" class=\"attachment-full size-full wp-image-13442 wvs-archive-product-image\" alt=\"\" srcset=\"https:\/\/distinctiveplatform.shop\/wp-content\/uploads\/2026\/03\/b48f4ba6-6239-4f26-b0bb-b99a180f5ed3.__CR001464600_PT0_SX1464_V1___.png 1464w, https:\/\/distinctiveplatform.shop\/wp-content\/uploads\/2026\/03\/b48f4ba6-6239-4f26-b0bb-b99a180f5ed3.__CR001464600_PT0_SX1464_V1___-300x123.png 300w, https:\/\/distinctiveplatform.shop\/wp-content\/uploads\/2026\/03\/b48f4ba6-6239-4f26-b0bb-b99a180f5ed3.__CR001464600_PT0_SX1464_V1___-1024x420.png 1024w, https:\/\/distinctiveplatform.shop\/wp-content\/uploads\/2026\/03\/b48f4ba6-6239-4f26-b0bb-b99a180f5ed3.__CR001464600_PT0_SX1464_V1___-768x315.png 768w, https:\/\/distinctiveplatform.shop\/wp-content\/uploads\/2026\/03\/b48f4ba6-6239-4f26-b0bb-b99a180f5ed3.__CR001464600_PT0_SX1464_V1___-18x7.png 18w, https:\/\/distinctiveplatform.shop\/wp-content\/uploads\/2026\/03\/b48f4ba6-6239-4f26-b0bb-b99a180f5ed3.__CR001464600_PT0_SX1464_V1___-600x246.png 600w, https:\/\/distinctiveplatform.shop\/wp-content\/uploads\/2026\/03\/b48f4ba6-6239-4f26-b0bb-b99a180f5ed3.__CR001464600_PT0_SX1464_V1___-1x1.png 1w, https:\/\/distinctiveplatform.shop\/wp-content\/uploads\/2026\/03\/b48f4ba6-6239-4f26-b0bb-b99a180f5ed3.__CR001464600_PT0_SX1464_V1___-10x4.png 10w\" sizes=\"auto, (max-width: 1464px) 100vw, 1464px\" \/>\t\t\t\t\t\t\t\t\t\t\t\t\t\t\t<\/div>\n\t\t\t\t<\/div>\n\t\t\t\t<div class=\"elementor-element elementor-element-13b48754 elementor-widget elementor-widget-video\" data-id=\"13b48754\" data-element_type=\"widget\" data-settings=\"{&quot;video_type&quot;:&quot;hosted&quot;,&quot;controls&quot;:&quot;yes&quot;,&quot;ekit_we_effect_on&quot;:&quot;none&quot;}\" data-widget_type=\"video.default\">\n\t\t\t\t<div class=\"elementor-widget-container\">\n\t\t\t\t\t\t\t<div class=\"e-hosted-video elementor-wrapper elementor-open-inline\">\n\t\t\t\t\t<video class=\"elementor-video\" src=\"https:\/\/distinctiveplatform.shop\/wp-content\/uploads\/2026\/03\/video_2026-02-09_14-59-43.mp4\" controls=\"\" preload=\"metadata\" controlslist=\"nodownload\"><\/video>\n\t\t\t\t<\/div>\n\t\t\t\t\t\t<\/div>\n\t\t\t\t<\/div>\n\t\t\t\t<div class=\"elementor-element elementor-element-319da84b elementor--h-position-center elementor--v-position-middle elementor-arrows-position-inside elementor-pagination-position-inside elementor-widget elementor-widget-slides\" data-id=\"319da84b\" data-element_type=\"widget\" data-settings=\"{&quot;navigation&quot;:&quot;both&quot;,&quot;autoplay&quot;:&quot;yes&quot;,&quot;pause_on_hover&quot;:&quot;yes&quot;,&quot;pause_on_interaction&quot;:&quot;yes&quot;,&quot;autoplay_speed&quot;:5000,&quot;infinite&quot;:&quot;yes&quot;,&quot;transition&quot;:&quot;slide&quot;,&quot;transition_speed&quot;:500,&quot;ekit_we_effect_on&quot;:&quot;none&quot;}\" data-widget_type=\"slides.default\">\n\t\t\t\t<div class=\"elementor-widget-container\">\n\t\t\t\t\t\t\t\t\t<div class=\"elementor-swiper\">\r\n\t\t\t\t\t<div class=\"elementor-slides-wrapper elementor-main-swiper swiper\" role=\"region\" aria-roledescription=\"carousel\" aria-label=\"Diapositivas\" dir=\"ltr\" data-animation=\"fadeInUp\">\r\n\t\t\t\t<div class=\"swiper-wrapper elementor-slides\">\r\n\t\t\t\t\t\t\t\t\t\t<div class=\"elementor-repeater-item-484c487 swiper-slide\" role=\"group\" aria-roledescription=\"slide\"><div class=\"swiper-slide-bg\" role=\"img\" aria-label=\"68d7f374-7b5b-4346-ac3a-a328a38e28f9.__CR001464600_PT0_SX1464_V1___.png\"><\/div><div class=\"swiper-slide-inner\" ><div class=\"swiper-slide-contents\"><\/div><\/div><\/div><div class=\"elementor-repeater-item-aaa6776 swiper-slide\" role=\"group\" aria-roledescription=\"slide\"><div class=\"swiper-slide-bg\" role=\"img\" aria-label=\"d52aa342-ead0-4429-b410-c7f926629bbe.__CR001464600_PT0_SX1464_V1___.png\"><\/div><div class=\"swiper-slide-inner\" ><div class=\"swiper-slide-contents\"><\/div><\/div><\/div><div class=\"elementor-repeater-item-e7e2da0 swiper-slide\" role=\"group\" aria-roledescription=\"slide\"><div class=\"swiper-slide-bg\" role=\"img\" aria-label=\"6e472a91-04ec-44a6-8c06-1f3c4425386d.__CR001464600_PT0_SX1464_V1___.png\"><\/div><div class=\"swiper-slide-inner\" ><div class=\"swiper-slide-contents\"><\/div><\/div><\/div>\t\t\t\t<\/div>\r\n\t\t\t\t\t\t\t\t\t\t\t\t\t\t\t<div class=\"elementor-swiper-button elementor-swiper-button-prev\" role=\"button\" tabindex=\"0\" aria-label=\"Previous slide\">\r\n\t\t\t\t\t\t\t<svg aria-hidden=\"true\" class=\"e-font-icon-svg e-eicon-chevron-left\" viewbox=\"0 0 1000 1000\" xmlns=\"http:\/\/www.w3.org\/2000\/svg\"><path d=\"M646 125C629 125 613 133 604 142L308 442C296 454 292 471 292 487 292 504 296 521 308 533L604 854C617 867 629 875 646 875 663 875 679 871 692 858 704 846 713 829 713 812 713 796 708 779 692 767L438 487 692 225C700 217 708 204 708 187 708 171 704 154 692 142 675 129 663 125 646 125Z\"><\/path><\/svg>\t\t\t\t\t\t<\/div>\r\n\t\t\t\t\t\t<div class=\"elementor-swiper-button elementor-swiper-button-next\" role=\"button\" tabindex=\"0\" aria-label=\"Next slide\">\r\n\t\t\t\t\t\t\t<svg aria-hidden=\"true\" class=\"e-font-icon-svg e-eicon-chevron-right\" viewbox=\"0 0 1000 1000\" xmlns=\"http:\/\/www.w3.org\/2000\/svg\"><path d=\"M696 533C708 521 713 504 713 487 713 471 708 454 696 446L400 146C388 133 375 125 354 125 338 125 325 129 313 142 300 154 292 171 292 187 292 204 296 221 308 233L563 492 304 771C292 783 288 800 288 817 288 833 296 850 308 863 321 871 338 875 354 875 371 875 388 867 400 854L696 533Z\"><\/path><\/svg>\t\t\t\t\t\t<\/div>\r\n\t\t\t\t\t\t\t\t\t\t\t\t\t\t\t\t<div class=\"swiper-pagination\"><\/div>\r\n\t\t\t\t\t\t\t\t\t\t\t\t<\/div>\r\n\t\t\t\t<\/div>\r\n\t\t\t\t\t\t\t\t<\/div>\n\t\t\t\t<\/div>\n\t\t\t\t<div class=\"elementor-element elementor-element-31d77a60 elementor--h-position-center elementor--v-position-middle elementor-arrows-position-inside elementor-pagination-position-inside elementor-widget elementor-widget-slides\" data-id=\"31d77a60\" data-element_type=\"widget\" data-settings=\"{&quot;navigation&quot;:&quot;both&quot;,&quot;autoplay&quot;:&quot;yes&quot;,&quot;pause_on_hover&quot;:&quot;yes&quot;,&quot;pause_on_interaction&quot;:&quot;yes&quot;,&quot;autoplay_speed&quot;:5000,&quot;infinite&quot;:&quot;yes&quot;,&quot;transition&quot;:&quot;slide&quot;,&quot;transition_speed&quot;:500,&quot;ekit_we_effect_on&quot;:&quot;none&quot;}\" data-widget_type=\"slides.default\">\n\t\t\t\t<div class=\"elementor-widget-container\">\n\t\t\t\t\t\t\t\t\t<div class=\"elementor-swiper\">\r\n\t\t\t\t\t<div class=\"elementor-slides-wrapper elementor-main-swiper swiper\" role=\"region\" aria-roledescription=\"carousel\" aria-label=\"Diapositivas\" dir=\"ltr\" data-animation=\"fadeInUp\">\r\n\t\t\t\t<div class=\"swiper-wrapper elementor-slides\">\r\n\t\t\t\t\t\t\t\t\t\t<div class=\"elementor-repeater-item-484c487 swiper-slide\" role=\"group\" aria-roledescription=\"slide\"><div class=\"swiper-slide-bg\" role=\"img\" aria-label=\"c3cd186f-54fa-41ac-93e8-d0d63b73c507.__CR001464600_PT0_SX1464_V1___.png\"><\/div><div class=\"swiper-slide-inner\" ><div class=\"swiper-slide-contents\"><\/div><\/div><\/div><div class=\"elementor-repeater-item-aaa6776 swiper-slide\" role=\"group\" aria-roledescription=\"slide\"><div class=\"swiper-slide-bg\" role=\"img\" aria-label=\"d009e0d2-48cd-4e81-a8ba-c55b7f16e5ab.__CR001464600_PT0_SX1464_V1___.png\"><\/div><div class=\"swiper-slide-inner\" ><div class=\"swiper-slide-contents\"><\/div><\/div><\/div><div class=\"elementor-repeater-item-e7e2da0 swiper-slide\" role=\"group\" aria-roledescription=\"slide\"><div class=\"swiper-slide-bg\" role=\"img\" aria-label=\"1468d08d-caba-4615-9893-ce641135f22f.__CR001464600_PT0_SX1464_V1___.png\"><\/div><div class=\"swiper-slide-inner\" ><div class=\"swiper-slide-contents\"><\/div><\/div><\/div>\t\t\t\t<\/div>\r\n\t\t\t\t\t\t\t\t\t\t\t\t\t\t\t<div class=\"elementor-swiper-button elementor-swiper-button-prev\" role=\"button\" tabindex=\"0\" aria-label=\"Previous slide\">\r\n\t\t\t\t\t\t\t<svg aria-hidden=\"true\" class=\"e-font-icon-svg e-eicon-chevron-left\" viewbox=\"0 0 1000 1000\" xmlns=\"http:\/\/www.w3.org\/2000\/svg\"><path d=\"M646 125C629 125 613 133 604 142L308 442C296 454 292 471 292 487 292 504 296 521 308 533L604 854C617 867 629 875 646 875 663 875 679 871 692 858 704 846 713 829 713 812 713 796 708 779 692 767L438 487 692 225C700 217 708 204 708 187 708 171 704 154 692 142 675 129 663 125 646 125Z\"><\/path><\/svg>\t\t\t\t\t\t<\/div>\r\n\t\t\t\t\t\t<div class=\"elementor-swiper-button elementor-swiper-button-next\" role=\"button\" tabindex=\"0\" aria-label=\"Next slide\">\r\n\t\t\t\t\t\t\t<svg aria-hidden=\"true\" class=\"e-font-icon-svg e-eicon-chevron-right\" viewbox=\"0 0 1000 1000\" xmlns=\"http:\/\/www.w3.org\/2000\/svg\"><path d=\"M696 533C708 521 713 504 713 487 713 471 708 454 696 446L400 146C388 133 375 125 354 125 338 125 325 129 313 142 300 154 292 171 292 187 292 204 296 221 308 233L563 492 304 771C292 783 288 800 288 817 288 833 296 850 308 863 321 871 338 875 354 875 371 875 388 867 400 854L696 533Z\"><\/path><\/svg>\t\t\t\t\t\t<\/div>\r\n\t\t\t\t\t\t\t\t\t\t\t\t\t\t\t\t<div class=\"swiper-pagination\"><\/div>\r\n\t\t\t\t\t\t\t\t\t\t\t\t<\/div>\r\n\t\t\t\t<\/div>\r\n\t\t\t\t\t\t\t\t<\/div>\n\t\t\t\t<\/div>\n\t\t<div class=\"elementor-element elementor-element-740ab281 e-grid e-con-full e-con e-child\" data-id=\"740ab281\" data-element_type=\"container\" data-settings=\"{&quot;ekit_has_onepagescroll_dot&quot;:&quot;yes&quot;}\">\n\t\t\t\t<div class=\"elementor-element elementor-element-f1d2142 elementor-position-top elementor-widget elementor-widget-image-box\" data-id=\"f1d2142\" data-element_type=\"widget\" data-settings=\"{&quot;ekit_we_effect_on&quot;:&quot;none&quot;}\" data-widget_type=\"image-box.default\">\n\t\t\t\t<div class=\"elementor-widget-container\">\n\t\t\t\t\t<div class=\"elementor-image-box-wrapper\"><figure class=\"elementor-image-box-img\"><img loading=\"lazy\" decoding=\"async\" width=\"650\" height=\"350\" src=\"https:\/\/distinctiveplatform.shop\/wp-content\/uploads\/2026\/03\/2526a199-5348-4fe9-a33c-a1c8f0253f75.__CR00650350_PT0_SX650_V1___.png\" class=\"attachment-full size-full wp-image-13451 wvs-archive-product-image\" alt=\"\" srcset=\"https:\/\/distinctiveplatform.shop\/wp-content\/uploads\/2026\/03\/2526a199-5348-4fe9-a33c-a1c8f0253f75.__CR00650350_PT0_SX650_V1___.png 650w, https:\/\/distinctiveplatform.shop\/wp-content\/uploads\/2026\/03\/2526a199-5348-4fe9-a33c-a1c8f0253f75.__CR00650350_PT0_SX650_V1___-300x162.png 300w, https:\/\/distinctiveplatform.shop\/wp-content\/uploads\/2026\/03\/2526a199-5348-4fe9-a33c-a1c8f0253f75.__CR00650350_PT0_SX650_V1___-18x10.png 18w, https:\/\/distinctiveplatform.shop\/wp-content\/uploads\/2026\/03\/2526a199-5348-4fe9-a33c-a1c8f0253f75.__CR00650350_PT0_SX650_V1___-600x323.png 600w, https:\/\/distinctiveplatform.shop\/wp-content\/uploads\/2026\/03\/2526a199-5348-4fe9-a33c-a1c8f0253f75.__CR00650350_PT0_SX650_V1___-1x1.png 1w, https:\/\/distinctiveplatform.shop\/wp-content\/uploads\/2026\/03\/2526a199-5348-4fe9-a33c-a1c8f0253f75.__CR00650350_PT0_SX650_V1___-10x5.png 10w\" sizes=\"auto, (max-width: 650px) 100vw, 650px\" \/><\/figure><div class=\"elementor-image-box-content\"><h3 class=\"elementor-image-box-title\">Vaciado de contenedores sin contacto<\/h3><p class=\"elementor-image-box-description\">El dep\u00f3sito de polvo de 0,6 L del aspirador ligero T350 adopta un dise\u00f1o de vaciado de polvo \"One-Click\". Solo tienes que pulsar el bot\u00f3n y podr\u00e1s vaciar la basura sin ensuciarte las manos.<\/p><\/div><\/div>\t\t\t\t<\/div>\n\t\t\t\t<\/div>\n\t\t\t\t<div class=\"elementor-element elementor-element-453c51d5 elementor-position-top elementor-widget elementor-widget-image-box\" data-id=\"453c51d5\" data-element_type=\"widget\" data-settings=\"{&quot;ekit_we_effect_on&quot;:&quot;none&quot;}\" data-widget_type=\"image-box.default\">\n\t\t\t\t<div class=\"elementor-widget-container\">\n\t\t\t\t\t<div class=\"elementor-image-box-wrapper\"><figure class=\"elementor-image-box-img\"><img loading=\"lazy\" decoding=\"async\" width=\"650\" height=\"350\" src=\"https:\/\/distinctiveplatform.shop\/wp-content\/uploads\/2026\/03\/2b48ff2d-cffa-4aae-aa82-2612afea2cf4.__CR00650350_PT0_SX650_V1___.png\" class=\"attachment-full size-full wp-image-13452 wvs-archive-product-image\" alt=\"\" srcset=\"https:\/\/distinctiveplatform.shop\/wp-content\/uploads\/2026\/03\/2b48ff2d-cffa-4aae-aa82-2612afea2cf4.__CR00650350_PT0_SX650_V1___.png 650w, https:\/\/distinctiveplatform.shop\/wp-content\/uploads\/2026\/03\/2b48ff2d-cffa-4aae-aa82-2612afea2cf4.__CR00650350_PT0_SX650_V1___-300x162.png 300w, https:\/\/distinctiveplatform.shop\/wp-content\/uploads\/2026\/03\/2b48ff2d-cffa-4aae-aa82-2612afea2cf4.__CR00650350_PT0_SX650_V1___-18x10.png 18w, https:\/\/distinctiveplatform.shop\/wp-content\/uploads\/2026\/03\/2b48ff2d-cffa-4aae-aa82-2612afea2cf4.__CR00650350_PT0_SX650_V1___-600x323.png 600w, https:\/\/distinctiveplatform.shop\/wp-content\/uploads\/2026\/03\/2b48ff2d-cffa-4aae-aa82-2612afea2cf4.__CR00650350_PT0_SX650_V1___-1x1.png 1w, https:\/\/distinctiveplatform.shop\/wp-content\/uploads\/2026\/03\/2b48ff2d-cffa-4aae-aa82-2612afea2cf4.__CR00650350_PT0_SX650_V1___-10x5.png 10w\" sizes=\"auto, (max-width: 650px) 100vw, 650px\" \/><\/figure><div class=\"elementor-image-box-content\"><h3 class=\"elementor-image-box-title\">Tubo de extensi\u00f3n de 15\" a 45<\/h3><p class=\"elementor-image-box-description\">Con el tubo extensible de 15\" a 45\" dise\u00f1ado por Trucozie, T350 puede mantener todas las superficies de su hogar frescas e impecables. Ahora, las cortinas y las telara\u00f1as ya no est\u00e1n fuera de su alcance. Puede redefinir la limpieza por encima, por debajo y m\u00e1s all\u00e1.<\/p><\/div><\/div>\t\t\t\t<\/div>\n\t\t\t\t<\/div>\n\t\t\t\t<\/div>\n\t\t\t\t\t<\/div>\n\t\t\t\t<\/div>\n\t\t\t\t<\/div>","protected":false},"excerpt":{"rendered":"<p>https:\/\/distinctiveplatform.shop\/wp-content\/uploads\/2026\/03\/video_2026-02-09_14-59-40.mp4 Form Factor Stick Model Name T350 Product Dimensions 16.9&#8243;L x 11.2&#8243;W x 7.2&#8243;H Battery Description Rechargeable 7x2200mAh Battery (Note:&#8230;<\/p>","protected":false},"featured_media":13428,"comment_status":"open","ping_status":"closed","template":"","meta":{"_acf_changed":false},"etheme_brands":[],"product_brand":[],"product_cat":[118],"product_tag":[],"class_list":{"0":"post-13425","1":"product","2":"type-product","3":"status-publish","4":"has-post-thumbnail","6":"product_cat-sale-shop","8":"first","9":"instock","10":"sale","11":"shipping-taxable","12":"purchasable","13":"product-type-variable","14":"has-default-attributes","15":"wvs-archive-product-wrapper"},"acf":[],"_links":{"self":[{"href":"https:\/\/distinctiveplatform.shop\/es\/wp-json\/wp\/v2\/product\/13425","targetHints":{"allow":["GET"]}}],"collection":[{"href":"https:\/\/distinctiveplatform.shop\/es\/wp-json\/wp\/v2\/product"}],"about":[{"href":"https:\/\/distinctiveplatform.shop\/es\/wp-json\/wp\/v2\/types\/product"}],"replies":[{"embeddable":true,"href":"https:\/\/distinctiveplatform.shop\/es\/wp-json\/wp\/v2\/comments?post=13425"}],"version-history":[{"count":4,"href":"https:\/\/distinctiveplatform.shop\/es\/wp-json\/wp\/v2\/product\/13425\/revisions"}],"predecessor-version":[{"id":13459,"href":"https:\/\/distinctiveplatform.shop\/es\/wp-json\/wp\/v2\/product\/13425\/revisions\/13459"}],"wp:featuredmedia":[{"embeddable":true,"href":"https:\/\/distinctiveplatform.shop\/es\/wp-json\/wp\/v2\/media\/13428"}],"wp:attachment":[{"href":"https:\/\/distinctiveplatform.shop\/es\/wp-json\/wp\/v2\/media?parent=13425"}],"wp:term":[{"taxonomy":"brand","embeddable":true,"href":"https:\/\/distinctiveplatform.shop\/es\/wp-json\/wp\/v2\/etheme_brands?post=13425"},{"taxonomy":"product_brand","embeddable":true,"href":"https:\/\/distinctiveplatform.shop\/es\/wp-json\/wp\/v2\/product_brand?post=13425"},{"taxonomy":"product_cat","embeddable":true,"href":"https:\/\/distinctiveplatform.shop\/es\/wp-json\/wp\/v2\/product_cat?post=13425"},{"taxonomy":"product_tag","embeddable":true,"href":"https:\/\/distinctiveplatform.shop\/es\/wp-json\/wp\/v2\/product_tag?post=13425"}],"curies":[{"name":"wp","href":"https:\/\/api.w.org\/{rel}","templated":true}]}}